{"id":2571,"date":"2024-07-12T18:58:26","date_gmt":"2024-07-12T15:58:26","guid":{"rendered":"https:\/\/artwedding.co.il\/eng\/?page_id=2571"},"modified":"2025-09-23T14:11:00","modified_gmt":"2025-09-23T11:11:00","slug":"dobrish","status":"publish","type":"page","link":"https:\/\/artwedding.co.il\/eng\/dobrish\/","title":{"rendered":"Dobrish"},"content":{"rendered":"\n<figure class=\"wp-block-image size-large\"><img loading=\"lazy\" decoding=\"async\" width=\"1024\" height=\"683\" src=\"https:\/\/artwedding.co.il\/eng\/wp-content\/uploads\/sites\/9\/2024\/07\/3A-1024x683.jpg\" alt=\"\" class=\"wp-image-2573\"\/><\/figure>\n\n\n\n<p><em><strong>Z\u00e1mok Dob\u0159\u00ed\u0161<\/strong><\/em><\/p>\n\n\n\n<p>Legends connect the name of the castle with the name of one of the Czech leaders Dobrish, a comrade-in-arms of the legendary forefather of the people &#8211; Czech.<\/p>\n\n\n\n<p>Local legend says that Dobrish and his squad were destined to go upstream of the Vltava, where he founded a small wooden fortress.<\/p>\n\n\n\n<p>The current Dobrish Castle is completely different from that ancient structure. This is a luxurious castle, which is built in the shape of a horseshoe, which will undoubtedly bring real happiness to your marriage.<\/p>\n\n\n\n<p>A wedding at Dobrish Castle will especially appeal to lovers of the romantic Baroque style. Its high vaults crown spacious halls that preserve the spirit of the heyday of the imperial court. The pride of the castle is the Hall of Mirrors, where the most solemn ceremonies are held and the strongest alliances are concluded.<\/p>\n\n\n\n<p>Dobrish Castle is surrounded by an elegant French park, which is considered a real pearl of landscape architecture. The whimsical shapes of garden shrubs, magnificent flower beds and a luxurious greenhouse will be a worthy decoration for your wedding photos.<\/p>\n\n\n\n<p>Newlyweds can choose the Hall of Mirrors or the French Garden for their ceremony.<\/p>\n\n\n\n<p>Here you can also organize a banquet and spend your wedding night.<\/p>\n\n\n\n<p>A wedding at Dobrish Castle will be remembered for its exquisite style and truly royal scope!<\/p>\n\n\n\n<p>The wedding ceremony can also be held in the castle garden for an additional fee: 300 \u20ac<\/p>\n\n\n\n<p>It is possible to install the Arch in the ceremony hall for an additional fee (not including the cost of the arch): 400 \u20ac<\/p>\n\n\n\n<p>Capacity: 200 people<\/p>\n\n\n\n<p>Days for the ceremony: every day <\/p>\n\n\n\n<hr class=\"wp-block-separator has-text-color has-neve-link-color-color has-alpha-channel-opacity has-neve-link-color-background-color has-background is-style-wide\"\/>\n\n\n\n<h2 class=\"wp-block-heading\">Packages:<\/h2>\n\n\n\n<figure class=\"wp-block-table is-style-stripes\"><table><tbody><tr><td><strong><strong>Basic<\/strong><\/strong><\/td><td><strong>Premium<\/strong><\/td><td><strong><strong>Luxury<\/strong><\/strong><\/td><\/tr><tr><td>3,000 \u20ac<\/td><td>3,900 \u20ac<\/td><td>4,650 \u20ac<\/td><\/tr><\/tbody><\/table><\/figure>\n\n\n\n<figure class=\"wp-block-table is-style-stripes\"><table><tbody><tr><td><strong>Services<\/strong><\/td><td><strong><strong>Basic<\/strong><\/strong><\/td><td><strong>Premium<\/strong><\/td><td><strong><strong>Luxury<\/strong><\/strong><\/td><\/tr><tr><td>Consultations on documents<\/td><td>\u221a<\/td><td>\u221a<\/td><td>\u221a<\/td><\/tr><tr><td>Preparation of documents and their translation into Czech from popular languages: up to 6 documents per pair: international passports, birth certificates and certificates of marital status (not including apostilles on originals)<\/td><td>\u221a<\/td><td>\u221a<\/td><td>\u221a<\/td><\/tr><tr><td>Booking the date and time of the ceremony<\/td><td>\u221a<\/td><td>\u221a<\/td><td>\u221a<\/td><\/tr><tr><td>Government fees and agent services when handling documents at the local police and city hall<\/td><td>\u221a<\/td><td>\u221a<\/td><td>\u221a<\/td><\/tr><tr><td>Rental of the site and arrival of municipal employees for the ceremony<\/td><td>\u221a<\/td><td>\u221a<\/td><td>\u221a<\/td><\/tr><tr><td>Transfer from the hotel to the wedding ceremony within the city where the ceremony is taking place<\/td><td>\u221a<\/td><td>\u221a<\/td><td>\u221a<\/td><\/tr><tr><td>Providing witnesses<\/td><td>\u221a<\/td><td>\u221a<\/td><td>\u221a<\/td><\/tr><tr><td>Wedding ceremony and its translation into Russian (Hebrew\/English or other languages \u200b\u200bwith an additional fee from 150 \u20ac)<\/td><td>\u221a<\/td><td>\u221a<\/td><td>\u221a<\/td><\/tr><tr><td>Marriage certificate in Czech language<\/td><td>\u221a<\/td><td>\u221a<\/td><td>\u221a<\/td><\/tr><tr><td>Apostille of marriage certificate<\/td><td>\u221a<\/td><td>\u221a<\/td><td>\u221a<\/td><\/tr><tr><td>Translation of the marriage certificate into English\/Hebrew\/Ukrainian\/Russian or other popular language from a court translator<\/td><td>\u221a<\/td><td>\u221a<\/td><td>\u221a<\/td><\/tr><tr><td>Delivery of marriage certificate by mail within 3 months<\/td><td>\u221a<\/td><td>\u221a<\/td><td>\u221a<\/td><\/tr><tr><td>Timing of the day<\/td><td>&nbsp;\u221a<\/td><td>\u221a<\/td><td>\u221a<\/td><\/tr><tr><td>Musical accompaniment of the ceremony<\/td><td>\u221a<\/td><td>\u221a<\/td><td>\u221a<\/td><\/tr><tr><td>Bride\u2019s dress for the ceremony (bonus)<\/td><td><\/td><td>\u221a<\/td><td>\u221a<\/td><\/tr><tr><td>Bridal bouquet with the groom\u2019s boutonniere with delivery to the hotel room<\/td><td>&nbsp;<\/td><td>\u221a<\/td><td>\u221a<\/td><\/tr><tr><td>Bridal make-up and hairstyle in the hotel room<\/td><td>&nbsp;<\/td><td>&nbsp;\u221a<\/td><td>\u221a<\/td><\/tr><tr><td>Wedding photo session by a professional agency photographer for 2 hours: (about 150-200 processed photos, author\u2019s retouching of ALL frames, color correction, cropping)<\/td><td>&nbsp;<\/td><td>\u221a<\/td><td>&nbsp;<\/td><\/tr><tr><td>Wedding photo session by a professional agency photographer for 3 hours: (about 200-250 processed photos, author\u2019s retouching of ALL frames, color correction, cropping)<\/td><td>&nbsp;<\/td><td>&nbsp;<\/td><td>\u221a<\/td><\/tr><tr><td>Transfer to the photo shoot in the photographer\u2019s car<\/td><td><\/td><td>\u221a<\/td><td>\u221a<\/td><\/tr><tr><td>Videographer for 3 hours (clip from 1 to 4 minutes)<\/td><td>&nbsp;<\/td><td>&nbsp;<\/td><td>\u221a<\/td><\/tr><\/tbody><\/table><\/figure>\n\n\n\n<hr class=\"wp-block-separator has-text-color has-neve-link-color-color has-alpha-channel-opacity has-neve-link-color-background-color has-background is-style-wide\"\/>\n\n\n\n<figure class=\"wp-block-table is-style-stripes\"><table><tbody><tr><td><strong>Add-ons<\/strong><\/td><td><strong>price in euro<\/strong><\/td><\/tr><tr><td>make-up<\/td><td>130<\/td><\/tr><tr><td>hairstyle<\/td><td>130<\/td><\/tr><tr><td>Bridal bouquet with the groom\u2019s boutonniere with delivery to the hotel room<\/td><td>from 150<\/td><\/tr><tr><td>witnesses<\/td><td>for free<\/td><\/tr><tr><td>photographer<\/td><td>from 170 for 1 hour (minimum 2 hours)<\/td><\/tr><tr><td>videographer<\/td><td>from 200 for 1 hour (minimum 2 hours)<\/td><\/tr><tr><td>one tier cake<\/td><td>from 120<\/td><\/tr><tr><td>one way transfer (depending on distance)<\/td><td>from 70<\/td><\/tr><tr><td>translation of the ceremony into Hebrew\/English<\/td><td>150<\/td><\/tr><tr><td>translation of additional documents (divorce\/death certificate, etc.)<\/td><td>from 60<\/td><\/tr><tr><td>additional copy of the marriage certificate in Czech including apostille<\/td><td>120<\/td><\/tr><tr><td>bride\u2019s dress for the ceremony<\/td><td>from 200<\/td><\/tr><\/tbody><\/table><\/figure>\n\n\n\n<hr class=\"wp-block-separator has-text-color has-neve-link-color-color has-alpha-channel-opacity has-neve-link-color-background-color has-background is-style-wide\"\/>\n\n\n\n<h2 class=\"wp-block-heading\">Decoration of the ceremony site<\/h2>\n\n\n\n<figure class=\"wp-block-table is-style-stripes\"><table><tbody><tr><td>Decoration of the ceremony site: arch with fabric (color of your choice), fresh seasonal \/ artificial flowers and high quality greenery. A registration table decorated with a composition of fresh seasonal\/artificial flowers and various wedding paraphernalia. Bed for rings.<\/td><\/tr><tr><td>\u2014 Artificial flowers \u2014 from 600 \u20ac<\/td><td><\/td><\/tr><tr><td>\u2014 Natural flowers \u2014 from 900 \u20ac<\/td><\/tr><\/tbody><\/table><\/figure>\n\n\n\n<hr class=\"wp-block-separator has-text-color has-neve-link-color-color has-alpha-channel-opacity has-neve-link-color-background-color has-background is-style-wide\"\/>\n\n\n\n<h3 class=\"wp-block-heading\">The castle has a wonderful restaurant where you can arrange a festive lunch or dinner upon request.<\/h3>\n\n\n\n<figure class=\"wp-block-gallery has-nested-images columns-default is-cropped wp-block-gallery-1 is-layout-flex wp-block-gallery-is-layout-flex\">\n<figure class=\"wp-block-image size-large\"><img loading=\"lazy\" decoding=\"async\" width=\"1024\" height=\"1024\" data-id=\"2574\" src=\"https:\/\/artwedding.co.il\/eng\/wp-content\/uploads\/sites\/9\/2024\/07\/1-2-1024x1024.jpeg\" alt=\"\" class=\"wp-image-2574\"\/><\/figure>\n\n\n\n<figure class=\"wp-block-image size-large\"><img loading=\"lazy\" decoding=\"async\" width=\"1024\" height=\"1024\" data-id=\"2576\" src=\"https:\/\/artwedding.co.il\/eng\/wp-content\/uploads\/sites\/9\/2024\/07\/4-2-1024x1024.jpeg\" alt=\"\" class=\"wp-image-2576\"\/><\/figure>\n\n\n\n<figure class=\"wp-block-image size-large\"><img loading=\"lazy\" decoding=\"async\" width=\"1024\" height=\"1024\" data-id=\"2577\" src=\"https:\/\/artwedding.co.il\/eng\/wp-content\/uploads\/sites\/9\/2024\/07\/5-2-1024x1024.jpeg\" alt=\"\" class=\"wp-image-2577\"\/><\/figure>\n\n\n\n<figure class=\"wp-block-image size-large\"><img loading=\"lazy\" decoding=\"async\" width=\"1024\" height=\"1024\" data-id=\"2575\" src=\"https:\/\/artwedding.co.il\/eng\/wp-content\/uploads\/sites\/9\/2024\/07\/2-2-1024x1024.jpeg\" alt=\"\" class=\"wp-image-2575\"\/><\/figure>\n<\/figure>\n\n\n\n<hr class=\"wp-block-separator has-text-color has-neve-link-color-color has-alpha-channel-opacity has-neve-link-color-background-color has-background is-style-wide\"\/>\n\n\n\n<h2 class=\"wp-block-heading\">Documents for a wedding in the Czech Republic:<\/h2>\n\n\n\n<ol class=\"wp-block-list\">\n<li>Valid passports<\/li>\n\n\n\n<li>Birth certificate<\/li>\n\n\n\n<li>Certificate of marital status, i.e. whether he\/she is single, divorced or widowed, issued by an official authority of his\/her country. (For Israelis Tamzit Rishum)\n<ul class=\"wp-block-list\">\n<li>The above certificate is valid for 6 months from the date of issue.<\/li>\n\n\n\n<li>It is also necessary to legalize the certificate of marital status. The best form of legalization is an apostille stamp if their country has signed the \u201cHague Convention Abolishing Requirements for the Legalization of Foreign Public Documents of October 5, 1961.\u201d Otherwise, he\/she will need to contact the official authority of his\/her country for the necessary legalization.<\/li>\n<\/ul>\n<\/li>\n\n\n\n<li>The original divorce document, in the case of a divorced person, which states that the divorce is final and not subject to appeal, duly signed, stamped and legalized.<\/li>\n\n\n\n<li>Death certificate of the spouse, in case he\/she was married, but his\/her spouse died. The certificate must be legalized.<\/li>\n\n\n\n<li>Certificate of change of name\/surname.<\/li>\n\n\n\n<li>Notarised power of attorney.<\/li>\n\n\n\n<li>Certificate of citizenship.<\/li>\n<\/ol>\n\n\n\n<hr class=\"wp-block-separator has-text-color has-neve-link-color-color has-alpha-channel-opacity has-neve-link-color-background-color has-background is-style-wide\"\/>\n\n\n\n<figure class=\"wp-block-gallery has-nested-images columns-default is-cropped wp-block-gallery-2 is-layout-flex wp-block-gallery-is-layout-flex\">\n<figure class=\"wp-block-image size-large\"><img loading=\"lazy\" decoding=\"async\" width=\"1024\" height=\"1024\" data-id=\"2580\" src=\"https:\/\/artwedding.co.il\/eng\/wp-content\/uploads\/sites\/9\/2024\/07\/1-1-1024x1024.jpeg\" alt=\"\" class=\"wp-image-2580\"\/><\/figure>\n\n\n\n<figure class=\"wp-block-image size-large\"><img loading=\"lazy\" decoding=\"async\" width=\"1024\" height=\"1024\" data-id=\"2579\" src=\"https:\/\/artwedding.co.il\/eng\/wp-content\/uploads\/sites\/9\/2024\/07\/1-3-1024x1024.jpeg\" alt=\"\" class=\"wp-image-2579\"\/><\/figure>\n\n\n\n<figure class=\"wp-block-image size-large\"><img loading=\"lazy\" decoding=\"async\" width=\"1024\" height=\"683\" data-id=\"2581\" src=\"https:\/\/artwedding.co.il\/eng\/wp-content\/uploads\/sites\/9\/2024\/07\/1A-1024x683.jpg\" alt=\"\" class=\"wp-image-2581\"\/><\/figure>\n\n\n\n<figure class=\"wp-block-image size-large\"><img loading=\"lazy\" decoding=\"async\" width=\"1024\" height=\"1024\" data-id=\"2582\" src=\"https:\/\/artwedding.co.il\/eng\/wp-content\/uploads\/sites\/9\/2024\/07\/2-3-1024x1024.jpeg\" alt=\"\" class=\"wp-image-2582\"\/><\/figure>\n\n\n\n<figure class=\"wp-block-image size-large\"><img loading=\"lazy\" decoding=\"async\" width=\"1024\" height=\"1024\" data-id=\"2583\" src=\"https:\/\/artwedding.co.il\/eng\/wp-content\/uploads\/sites\/9\/2024\/07\/2-1-1024x1024.jpeg\" alt=\"\" class=\"wp-image-2583\"\/><\/figure>\n\n\n\n<figure class=\"wp-block-image size-large\"><img loading=\"lazy\" decoding=\"async\" width=\"1024\" height=\"683\" data-id=\"2584\" src=\"https:\/\/artwedding.co.il\/eng\/wp-content\/uploads\/sites\/9\/2024\/07\/2A-1024x683.jpg\" alt=\"\" class=\"wp-image-2584\"\/><\/figure>\n\n\n\n<figure class=\"wp-block-image size-large\"><img loading=\"lazy\" decoding=\"async\" width=\"1024\" height=\"1024\" data-id=\"2585\" src=\"https:\/\/artwedding.co.il\/eng\/wp-content\/uploads\/sites\/9\/2024\/07\/3-2-1024x1024.jpeg\" alt=\"\" class=\"wp-image-2585\"\/><\/figure>\n\n\n\n<figure class=\"wp-block-image size-large\"><img loading=\"lazy\" decoding=\"async\" width=\"1024\" height=\"1024\" data-id=\"2586\" src=\"https:\/\/artwedding.co.il\/eng\/wp-content\/uploads\/sites\/9\/2024\/07\/3-3-1024x1024.jpeg\" alt=\"\" class=\"wp-image-2586\"\/><\/figure>\n\n\n\n<figure class=\"wp-block-image size-large\"><img loading=\"lazy\" decoding=\"async\" width=\"1024\" height=\"1024\" data-id=\"2587\" src=\"https:\/\/artwedding.co.il\/eng\/wp-content\/uploads\/sites\/9\/2024\/07\/3-1-1024x1024.jpeg\" alt=\"\" class=\"wp-image-2587\"\/><\/figure>\n\n\n\n<figure class=\"wp-block-image size-large\"><img loading=\"lazy\" decoding=\"async\" width=\"1024\" height=\"683\" data-id=\"2588\" src=\"https:\/\/artwedding.co.il\/eng\/wp-content\/uploads\/sites\/9\/2024\/07\/3A-1-1024x683.jpg\" alt=\"\" class=\"wp-image-2588\"\/><\/figure>\n\n\n\n<figure class=\"wp-block-image size-large\"><img loading=\"lazy\" decoding=\"async\" width=\"1024\" height=\"1024\" data-id=\"2589\" src=\"https:\/\/artwedding.co.il\/eng\/wp-content\/uploads\/sites\/9\/2024\/07\/4-3-1024x1024.jpeg\" alt=\"\" class=\"wp-image-2589\"\/><\/figure>\n\n\n\n<figure class=\"wp-block-image size-large\"><img loading=\"lazy\" decoding=\"async\" width=\"1024\" height=\"1024\" data-id=\"2590\" src=\"https:\/\/artwedding.co.il\/eng\/wp-content\/uploads\/sites\/9\/2024\/07\/4-1-1024x1024.jpeg\" alt=\"\" class=\"wp-image-2590\"\/><\/figure>\n\n\n\n<figure class=\"wp-block-image size-large\"><img loading=\"lazy\" decoding=\"async\" width=\"1024\" height=\"683\" data-id=\"2591\" src=\"https:\/\/artwedding.co.il\/eng\/wp-content\/uploads\/sites\/9\/2024\/07\/4A-1024x683.jpg\" alt=\"\" class=\"wp-image-2591\"\/><\/figure>\n\n\n\n<figure class=\"wp-block-image size-large\"><img loading=\"lazy\" decoding=\"async\" width=\"1024\" height=\"1024\" data-id=\"2592\" src=\"https:\/\/artwedding.co.il\/eng\/wp-content\/uploads\/sites\/9\/2024\/07\/5-3-1024x1024.jpeg\" alt=\"\" class=\"wp-image-2592\"\/><\/figure>\n\n\n\n<figure class=\"wp-block-image size-large\"><img loading=\"lazy\" decoding=\"async\" width=\"1024\" height=\"1024\" data-id=\"2593\" src=\"https:\/\/artwedding.co.il\/eng\/wp-content\/uploads\/sites\/9\/2024\/07\/5-1-1024x1024.jpeg\" alt=\"\" class=\"wp-image-2593\"\/><\/figure>\n\n\n\n<figure class=\"wp-block-image size-large\"><img loading=\"lazy\" decoding=\"async\" width=\"1024\" height=\"683\" data-id=\"2594\" src=\"https:\/\/artwedding.co.il\/eng\/wp-content\/uploads\/sites\/9\/2024\/07\/5A-1024x683.jpg\" alt=\"\" class=\"wp-image-2594\"\/><\/figure>\n\n\n\n<figure class=\"wp-block-image size-large\"><img loading=\"lazy\" decoding=\"async\" width=\"1024\" height=\"1024\" data-id=\"2595\" src=\"https:\/\/artwedding.co.il\/eng\/wp-content\/uploads\/sites\/9\/2024\/07\/6-2-1024x1024.jpeg\" alt=\"\" class=\"wp-image-2595\"\/><\/figure>\n\n\n\n<figure class=\"wp-block-image size-large\"><img loading=\"lazy\" decoding=\"async\" width=\"1024\" height=\"1024\" data-id=\"2596\" src=\"https:\/\/artwedding.co.il\/eng\/wp-content\/uploads\/sites\/9\/2024\/07\/6-1-1024x1024.jpeg\" alt=\"\" class=\"wp-image-2596\"\/><\/figure>\n\n\n\n<figure class=\"wp-block-image size-large\"><img loading=\"lazy\" decoding=\"async\" width=\"1024\" height=\"1024\" data-id=\"2598\" src=\"https:\/\/artwedding.co.il\/eng\/wp-content\/uploads\/sites\/9\/2024\/07\/7-2-1024x1024.jpeg\" alt=\"\" class=\"wp-image-2598\"\/><\/figure>\n\n\n\n<figure class=\"wp-block-image size-large\"><img loading=\"lazy\" decoding=\"async\" width=\"1024\" height=\"683\" data-id=\"2597\" src=\"https:\/\/artwedding.co.il\/eng\/wp-content\/uploads\/sites\/9\/2024\/07\/6A-1024x683.jpg\" alt=\"\" class=\"wp-image-2597\"\/><\/figure>\n\n\n\n<figure class=\"wp-block-image size-large\"><img loading=\"lazy\" decoding=\"async\" width=\"1024\" height=\"1024\" data-id=\"2599\" src=\"https:\/\/artwedding.co.il\/eng\/wp-content\/uploads\/sites\/9\/2024\/07\/7-1-1024x1024.jpeg\" alt=\"\" class=\"wp-image-2599\"\/><\/figure>\n\n\n\n<figure class=\"wp-block-image size-large\"><img loading=\"lazy\" decoding=\"async\" width=\"1024\" height=\"1024\" data-id=\"2600\" src=\"https:\/\/artwedding.co.il\/eng\/wp-content\/uploads\/sites\/9\/2024\/07\/8-2-1024x1024.jpeg\" alt=\"\" class=\"wp-image-2600\"\/><\/figure>\n\n\n\n<figure class=\"wp-block-image size-large\"><img loading=\"lazy\" decoding=\"async\" width=\"1024\" height=\"1024\" data-id=\"2601\" src=\"https:\/\/artwedding.co.il\/eng\/wp-content\/uploads\/sites\/9\/2024\/07\/8-1-1024x1024.jpeg\" alt=\"\" class=\"wp-image-2601\"\/><\/figure>\n\n\n\n<figure class=\"wp-block-image size-large\"><img loading=\"lazy\" decoding=\"async\" width=\"1024\" height=\"683\" data-id=\"2602\" src=\"https:\/\/artwedding.co.il\/eng\/wp-content\/uploads\/sites\/9\/2024\/07\/8A-1024x683.jpg\" alt=\"\" class=\"wp-image-2602\"\/><\/figure>\n\n\n\n<figure class=\"wp-block-image size-large\"><img loading=\"lazy\" decoding=\"async\" width=\"1024\" height=\"1024\" data-id=\"2603\" src=\"https:\/\/artwedding.co.il\/eng\/wp-content\/uploads\/sites\/9\/2024\/07\/9-2-1024x1024.jpeg\" alt=\"\" class=\"wp-image-2603\"\/><\/figure>\n\n\n\n<figure class=\"wp-block-image size-large\"><img loading=\"lazy\" decoding=\"async\" width=\"1024\" height=\"1024\" data-id=\"2604\" src=\"https:\/\/artwedding.co.il\/eng\/wp-content\/uploads\/sites\/9\/2024\/07\/9-1-1024x1024.jpeg\" alt=\"\" class=\"wp-image-2604\"\/><\/figure>\n\n\n\n<figure class=\"wp-block-image size-large\"><img loading=\"lazy\" decoding=\"async\" width=\"1024\" height=\"683\" data-id=\"2605\" src=\"https:\/\/artwedding.co.il\/eng\/wp-content\/uploads\/sites\/9\/2024\/07\/9A-1024x683.jpg\" alt=\"\" class=\"wp-image-2605\"\/><\/figure>\n\n\n\n<figure class=\"wp-block-image size-large\"><img loading=\"lazy\" decoding=\"async\" width=\"1024\" height=\"1024\" data-id=\"2606\" src=\"https:\/\/artwedding.co.il\/eng\/wp-content\/uploads\/sites\/9\/2024\/07\/10-2-1024x1024.jpeg\" alt=\"\" class=\"wp-image-2606\"\/><\/figure>\n\n\n\n<figure class=\"wp-block-image size-large\"><img loading=\"lazy\" decoding=\"async\" width=\"1024\" height=\"1024\" data-id=\"2607\" src=\"https:\/\/artwedding.co.il\/eng\/wp-content\/uploads\/sites\/9\/2024\/07\/10-1-1024x1024.jpeg\" alt=\"\" class=\"wp-image-2607\"\/><\/figure>\n\n\n\n<figure class=\"wp-block-image size-large\"><img loading=\"lazy\" decoding=\"async\" width=\"1024\" height=\"683\" data-id=\"2608\" src=\"https:\/\/artwedding.co.il\/eng\/wp-content\/uploads\/sites\/9\/2024\/07\/10A-1024x683.jpg\" alt=\"\" class=\"wp-image-2608\"\/><\/figure>\n\n\n\n<figure class=\"wp-block-image size-large\"><img loading=\"lazy\" decoding=\"async\" width=\"1024\" height=\"1024\" data-id=\"2609\" src=\"https:\/\/artwedding.co.il\/eng\/wp-content\/uploads\/sites\/9\/2024\/07\/11-1-1024x1024.jpeg\" alt=\"\" class=\"wp-image-2609\"\/><\/figure>\n\n\n\n<figure class=\"wp-block-image size-large\"><img loading=\"lazy\" decoding=\"async\" width=\"1024\" height=\"683\" data-id=\"2610\" src=\"https:\/\/artwedding.co.il\/eng\/wp-content\/uploads\/sites\/9\/2024\/07\/11A-1024x683.jpg\" alt=\"\" class=\"wp-image-2610\"\/><\/figure>\n\n\n\n<figure class=\"wp-block-image size-large\"><img loading=\"lazy\" decoding=\"async\" width=\"1024\" height=\"1024\" data-id=\"2611\" src=\"https:\/\/artwedding.co.il\/eng\/wp-content\/uploads\/sites\/9\/2024\/07\/12-1-1024x1024.jpeg\" alt=\"\" class=\"wp-image-2611\"\/><\/figure>\n\n\n\n<figure class=\"wp-block-image size-large\"><img loading=\"lazy\" decoding=\"async\" width=\"1024\" height=\"1024\" data-id=\"2612\" src=\"https:\/\/artwedding.co.il\/eng\/wp-content\/uploads\/sites\/9\/2024\/07\/13-1-1024x1024.jpeg\" alt=\"\" class=\"wp-image-2612\"\/><\/figure>\n\n\n\n<figure class=\"wp-block-image size-large\"><img loading=\"lazy\" decoding=\"async\" width=\"1024\" height=\"1024\" data-id=\"2613\" src=\"https:\/\/artwedding.co.il\/eng\/wp-content\/uploads\/sites\/9\/2024\/07\/14-1-1024x1024.jpeg\" alt=\"\" class=\"wp-image-2613\"\/><\/figure>\n\n\n\n<figure class=\"wp-block-image size-large\"><img loading=\"lazy\" decoding=\"async\" width=\"1024\" height=\"1024\" data-id=\"2614\" src=\"https:\/\/artwedding.co.il\/eng\/wp-content\/uploads\/sites\/9\/2024\/07\/15-1-1024x1024.jpeg\" alt=\"\" class=\"wp-image-2614\"\/><\/figure>\n\n\n\n<figure class=\"wp-block-image size-large\"><img loading=\"lazy\" decoding=\"async\" width=\"1024\" height=\"1024\" data-id=\"2615\" src=\"https:\/\/artwedding.co.il\/eng\/wp-content\/uploads\/sites\/9\/2024\/07\/16-1-1024x1024.jpeg\" alt=\"\" class=\"wp-image-2615\"\/><\/figure>\n\n\n\n<figure class=\"wp-block-image size-large\"><img loading=\"lazy\" decoding=\"async\" width=\"1024\" height=\"1024\" data-id=\"2616\" src=\"https:\/\/artwedding.co.il\/eng\/wp-content\/uploads\/sites\/9\/2024\/07\/17-1-1024x1024.jpeg\" alt=\"\" class=\"wp-image-2616\"\/><\/figure>\n\n\n\n<figure class=\"wp-block-image size-large\"><img loading=\"lazy\" decoding=\"async\" width=\"1024\" height=\"1024\" data-id=\"2617\" src=\"https:\/\/artwedding.co.il\/eng\/wp-content\/uploads\/sites\/9\/2024\/07\/18-1-1024x1024.jpeg\" alt=\"\" class=\"wp-image-2617\"\/><\/figure>\n\n\n\n<figure class=\"wp-block-image size-large\"><img loading=\"lazy\" decoding=\"async\" width=\"1024\" height=\"1024\" data-id=\"2618\" src=\"https:\/\/artwedding.co.il\/eng\/wp-content\/uploads\/sites\/9\/2024\/07\/19-1-1024x1024.jpeg\" alt=\"\" class=\"wp-image-2618\"\/><\/figure>\n<\/figure>\n","protected":false},"excerpt":{"rendered":"<p>Z\u00e1mok Dob\u0159\u00ed\u0161 Legends connect the name of the castle with the name of one of the Czech leaders Dobrish, a comrade-in-arms of the legendary forefather of the people &#8211; Czech. Local legend says that Dobrish and his squad were destined to go upstream of the Vltava, where he founded a small wooden fortress. The current&hellip;&nbsp;<a href=\"https:\/\/artwedding.co.il\/eng\/dobrish\/\" class=\"\" rel=\"bookmark\">Read More &raquo;<span class=\"screen-reader-text\">Dobrish<\/span><\/a><\/p>\n","protected":false},"author":1,"featured_media":2588,"parent":0,"menu_order":0,"comment_status":"closed","ping_status":"closed","template":"","meta":{"neve_meta_sidebar":"","neve_meta_container":"","neve_meta_enable_content_width":"","neve_meta_content_width":0,"neve_meta_title_alignment":"","neve_meta_author_avatar":"","neve_post_elements_order":"","neve_meta_disable_header":"","neve_meta_disable_footer":"","neve_meta_disable_title":"","_themeisle_gutenberg_block_has_review":false,"_ti_tpc_template_sync":false,"_ti_tpc_template_id":"","footnotes":""},"categories":[20],"tags":[],"class_list":["post-2571","page","type-page","status-publish","has-post-thumbnail","hentry","category-wedding-in-czech-castles"],"aioseo_notices":[],"rttpg_featured_image_url":{"full":["https:\/\/artwedding.co.il\/eng\/wp-content\/uploads\/sites\/9\/2024\/07\/3A-1.jpg",1200,800,false],"landscape":["https:\/\/artwedding.co.il\/eng\/wp-content\/uploads\/sites\/9\/2024\/07\/3A-1.jpg",1200,800,false],"portraits":["https:\/\/artwedding.co.il\/eng\/wp-content\/uploads\/sites\/9\/2024\/07\/3A-1.jpg",1200,800,false],"thumbnail":["https:\/\/artwedding.co.il\/eng\/wp-content\/uploads\/sites\/9\/2024\/07\/3A-1-150x150.jpg",150,150,true],"medium":["https:\/\/artwedding.co.il\/eng\/wp-content\/uploads\/sites\/9\/2024\/07\/3A-1-300x200.jpg",300,200,true],"large":["https:\/\/artwedding.co.il\/eng\/wp-content\/uploads\/sites\/9\/2024\/07\/3A-1-1024x683.jpg",1024,683,true],"1536x1536":["https:\/\/artwedding.co.il\/eng\/wp-content\/uploads\/sites\/9\/2024\/07\/3A-1.jpg",1200,800,false],"2048x2048":["https:\/\/artwedding.co.il\/eng\/wp-content\/uploads\/sites\/9\/2024\/07\/3A-1.jpg",1200,800,false],"neve-blog":["https:\/\/artwedding.co.il\/eng\/wp-content\/uploads\/sites\/9\/2024\/07\/3A-1-930x620.jpg",930,620,true]},"rttpg_author":{"display_name":"andrey","author_link":"https:\/\/artwedding.co.il\/eng\/author\/andrey\/"},"rttpg_comment":0,"rttpg_category":" <a href=\"https:\/\/artwedding.co.il\/eng\/category\/wedding-in-czech-castles\/\" rel=\"tag\">Wedding in Czech Castles<\/a>","rttpg_excerpt":"Z\u00e1mok Dob\u0159\u00ed\u0161 Legends connect the name of the castle with the name of one of the Czech leaders Dobrish, a comrade-in-arms of the legendary forefather of the people &#8211; Czech. Local legend says that Dobrish and his squad were destined to go upstream of the Vltava, where he founded a small wooden fortress. The current&hellip;&nbsp;Read&hellip;","_links":{"self":[{"href":"https:\/\/artwedding.co.il\/eng\/wp-json\/wp\/v2\/pages\/2571","targetHints":{"allow":["GET"]}}],"collection":[{"href":"https:\/\/artwedding.co.il\/eng\/wp-json\/wp\/v2\/pages"}],"about":[{"href":"https:\/\/artwedding.co.il\/eng\/wp-json\/wp\/v2\/types\/page"}],"author":[{"embeddable":true,"href":"https:\/\/artwedding.co.il\/eng\/wp-json\/wp\/v2\/users\/1"}],"replies":[{"embeddable":true,"href":"https:\/\/artwedding.co.il\/eng\/wp-json\/wp\/v2\/comments?post=2571"}],"version-history":[{"count":6,"href":"https:\/\/artwedding.co.il\/eng\/wp-json\/wp\/v2\/pages\/2571\/revisions"}],"predecessor-version":[{"id":4813,"href":"https:\/\/artwedding.co.il\/eng\/wp-json\/wp\/v2\/pages\/2571\/revisions\/4813"}],"wp:featuredmedia":[{"embeddable":true,"href":"https:\/\/artwedding.co.il\/eng\/wp-json\/wp\/v2\/media\/2588"}],"wp:attachment":[{"href":"https:\/\/artwedding.co.il\/eng\/wp-json\/wp\/v2\/media?parent=2571"}],"wp:term":[{"taxonomy":"category","embeddable":true,"href":"https:\/\/artwedding.co.il\/eng\/wp-json\/wp\/v2\/categories?post=2571"},{"taxonomy":"post_tag","embeddable":true,"href":"https:\/\/artwedding.co.il\/eng\/wp-json\/wp\/v2\/tags?post=2571"}],"curies":[{"name":"wp","href":"https:\/\/api.w.org\/{rel}","templated":true}]}}