{"id":3011,"date":"2024-12-07T14:38:54","date_gmt":"2024-12-07T11:38:54","guid":{"rendered":"https:\/\/artwedding.co.il\/eng\/?page_id=3011"},"modified":"2024-12-26T00:38:09","modified_gmt":"2024-12-25T21:38:09","slug":"zbiroh","status":"publish","type":"page","link":"https:\/\/artwedding.co.il\/eng\/zbiroh\/","title":{"rendered":"Zbiroh"},"content":{"rendered":"\n<p class=\"has-nv-c-2-color has-text-color has-link-color wp-elements-ef3e094ba8f41f00377f7316cc8b1a24\"><strong>\u2665<\/strong>&nbsp;<strong>A FREE BRIDE DRESS (from those in stock) is provided when ordering a wedding ceremony (In accordance with the terms of the Promotion)<br>\u2665<\/strong>&nbsp;<strong>1 hour of PHOTO SHOOTING is provided FREE of charge \u2013 when ordering a wedding from November 2024 to February 2025 (In accordance with the terms of the Promotion)<\/strong><\/p>\n\n\n\n<figure class=\"wp-block-image size-large\"><img loading=\"lazy\" decoding=\"async\" width=\"1024\" height=\"1024\" src=\"https:\/\/artwedding.co.il\/eng\/wp-content\/uploads\/sites\/9\/2024\/12\/7-1024x1024.jpeg\" alt=\"\" class=\"wp-image-3012\"\/><\/figure>\n\n\n\n<p>One of the oldest castles in the Czech Republic is Zbiroh Castle, located near the town of Rokycany.<\/p>\n\n\n\n<p>Zbiroh is known as the \u201ccastle of three kings\u201d, namely: Charles IV and Sigismund of Luxembourg and Rudolf II of Habsburg.<\/p>\n\n\n\n<p>The castle is also often given the epithet \u201cthe most\u201d: its fortress walls are built on the steepest cliff, its well is the deepest in Europe.<\/p>\n\n\n\n<p>An aura of mystery has hovered over this castle for centuries, since only a select few could enter the imperial residence.<\/p>\n\n\n\n<p>According to one legend, the castle saves and protects its inhabitants from the evil eye. It is not without reason that the Masonic lodge once chose this castle to hold its rituals.<\/p>\n\n\n\n<p>There is a legend that explains the name of the castle founded on this site:<\/p>\n\n\n\n<p><em>\u00bb \u2026 Once upon a time, Zbyn\u011bk Zaj\u00edc from Valdek, a famous Czech family at the time, went hunting in the dense forests near the royal castle of K\u0159ivokl\u00e1t. The hunt dragged on and took the hunters very far from residential areas. It got dark, and they had no choice but to spend the night right in a clearing in the dense forest. When the hunters woke up, they were bewildered to find many discarded deer antlers around them. Surprised and delighted, Zbyn\u011bk and his comrades collected these antlers, and in the clearing, located on a high hill, they later ordered the construction of a castle, which they named \u00abZbiroh\u00bb (translated as &#8220;collect antlers&#8221;).\u00bb<\/em><\/p>\n\n\n\n<p>The picturesque forests surrounding the castle, the beauty of the castle park and the dignified architectural ensemble of Zbiroh Castle create excellent conditions for your wedding to become an unforgettable event for all its participants.<\/p>\n\n\n\n<p>Capacity: 100 people<\/p>\n\n\n\n<p>Days for the ceremony: Friday<br>Days for the ceremony with an additional payment of 150 \u20ac: Thursday, Saturday<\/p>\n\n\n\n<hr class=\"wp-block-separator has-text-color has-neve-link-color-color has-alpha-channel-opacity has-neve-link-color-background-color has-background is-style-wide\"\/>\n\n\n\n<h2 class=\"wp-block-heading\">Packages:<\/h2>\n\n\n\n<figure class=\"wp-block-table is-style-stripes\"><table><tbody><tr><td><strong><strong>Basic<\/strong><\/strong><\/td><td><strong>Premium<\/strong><\/td><td><strong><strong><strong>Luxury<\/strong><\/strong><\/strong><\/td><\/tr><tr><td>4,350 \u20ac<\/td><td>5,250 \u20ac<\/td><td>6,000 \u20ac<\/td><\/tr><\/tbody><\/table><\/figure>\n\n\n\n<figure class=\"wp-block-table is-style-stripes\"><table><tbody><tr><td><strong>Services<\/strong><\/td><td><strong><strong>Basic<\/strong><\/strong><\/td><td><strong>Premium<\/strong><\/td><td><strong><strong><strong>Luxury<\/strong><\/strong><\/strong><\/td><\/tr><tr><td>Consultations on documents<\/td><td>\u221a<\/td><td>\u221a<\/td><td>\u221a<\/td><\/tr><tr><td>Preparation of documents and their translation into Czech from popular languages: up to 6 documents per pair: international passports, birth certificates and certificates of marital status (not including apostilles on originals)<\/td><td>\u221a<\/td><td>\u221a<\/td><td>\u221a<\/td><\/tr><tr><td>Booking the date and time of the ceremony<\/td><td>\u221a<\/td><td>\u221a<\/td><td>\u221a<\/td><\/tr><tr><td>Government fees and agent services when handling documents at the local police and city hall<\/td><td>\u221a<\/td><td>\u221a<\/td><td>\u221a<\/td><\/tr><tr><td>Rental of the site and arrival of municipal employees for the ceremony<\/td><td>\u221a<\/td><td>\u221a<\/td><td>\u221a<\/td><\/tr><tr><td>Transfer from the hotel to the wedding ceremony within the city where the ceremony is taking place<\/td><td>\u221a<\/td><td>\u221a<\/td><td>\u221a<\/td><\/tr><tr><td>Providing witnesses<\/td><td>\u221a<\/td><td>\u221a<\/td><td>\u221a<\/td><\/tr><tr><td>Wedding ceremony and its translation into Russian (Hebrew\/English or other languages \u200b\u200bwith an additional fee from 150 \u20ac)<\/td><td>\u221a<\/td><td>\u221a<\/td><td>\u221a<\/td><\/tr><tr><td>Marriage certificate in Czech language<\/td><td>\u221a<\/td><td>\u221a<\/td><td>\u221a<\/td><\/tr><tr><td>Apostille of marriage certificate<\/td><td>\u221a<\/td><td>\u221a<\/td><td>\u221a<\/td><\/tr><tr><td>Translation of the marriage certificate into English\/Hebrew\/Ukrainian\/Russian or other popular language from a court translator<\/td><td>\u221a<\/td><td>\u221a<\/td><td>\u221a<\/td><\/tr><tr><td>Delivery of marriage certificate by mail within 3 months<\/td><td>\u221a<\/td><td>\u221a<\/td><td>\u221a<\/td><\/tr><tr><td>Timing of the day<\/td><td>&nbsp;\u221a<\/td><td>\u221a<\/td><td>\u221a<\/td><\/tr><tr><td>Musical accompaniment of the ceremony<\/td><td>\u221a<\/td><td>\u221a<\/td><td>\u221a<\/td><\/tr><tr><td>Bride\u2019s dress for the ceremony (bonus)<\/td><td><\/td><td>\u221a<\/td><td>\u221a<\/td><\/tr><tr><td>Bridal bouquet with the groom\u2019s boutonniere with delivery to the hotel room<\/td><td>&nbsp;<\/td><td>\u221a<\/td><td>\u221a<\/td><\/tr><tr><td>Bridal make-up and hairstyle in the hotel room<\/td><td>&nbsp;<\/td><td>&nbsp;\u221a<\/td><td>\u221a<\/td><\/tr><tr><td>Wedding photo session by a professional agency photographer for 2 hours: (about 150-200 processed photos, author\u2019s retouching of ALL frames, color correction, cropping)<\/td><td>&nbsp;<\/td><td>\u221a<\/td><td>&nbsp;<\/td><\/tr><tr><td>Wedding photo session by a professional agency photographer for 3 hours: (about 200-250 processed photos, author\u2019s retouching of ALL frames, color correction, cropping)<\/td><td>&nbsp;<\/td><td>&nbsp;<\/td><td>\u221a<\/td><\/tr><tr><td>Transfer to the photo shoot in the photographer\u2019s car<\/td><td><\/td><td>\u221a<\/td><td>\u221a<\/td><\/tr><tr><td>Videographer for 3 hours (clip from 1 to 4 minutes)<\/td><td>&nbsp;<\/td><td>&nbsp;<\/td><td>\u221a<\/td><\/tr><\/tbody><\/table><\/figure>\n\n\n\n<hr class=\"wp-block-separator has-text-color has-neve-link-color-color has-alpha-channel-opacity has-neve-link-color-background-color has-background is-style-wide\"\/>\n\n\n\n<figure class=\"wp-block-table is-style-stripes\"><table><tbody><tr><td><strong>Add-ons<\/strong><\/td><td><strong>price in euro<\/strong><\/td><\/tr><tr><td>make-up<\/td><td>130<\/td><\/tr><tr><td>hairstyle<\/td><td>130<\/td><\/tr><tr><td>Bridal bouquet with the groom\u2019s boutonniere with delivery to the hotel room<\/td><td>from 150<\/td><\/tr><tr><td>witnesses<\/td><td>for free<\/td><\/tr><tr><td>photographer<\/td><td>from 170 for 1 hour (minimum 2 hours)<\/td><\/tr><tr><td>videographer<\/td><td>from 200 for 1 hour (minimum 2 hours)<\/td><\/tr><tr><td>one tier cake<\/td><td>from 120<\/td><\/tr><tr><td>one way transfer (depending on distance)<\/td><td>from 70<\/td><\/tr><tr><td>translation of the ceremony into Hebrew\/English<\/td><td>150<\/td><\/tr><tr><td>translation of additional documents (divorce\/death certificate, etc.)<\/td><td>from 60<\/td><\/tr><tr><td>additional copy of the marriage certificate in Czech including apostille<\/td><td>120<\/td><\/tr><tr><td>bride\u2019s dress for the ceremony<\/td><td>from 200<\/td><\/tr><\/tbody><\/table><\/figure>\n\n\n\n<hr class=\"wp-block-separator has-text-color has-neve-link-color-color has-alpha-channel-opacity has-neve-link-color-background-color has-background is-style-wide\"\/>\n\n\n\n<h2 class=\"wp-block-heading\">Documents for a wedding in the Czech Republic:<\/h2>\n\n\n\n<ol class=\"wp-block-list\">\n<li>Valid passports<\/li>\n\n\n\n<li>Birth certificate<\/li>\n\n\n\n<li>Certificate of marital status, i.e. whether he\/she is single, divorced or widowed, issued by an official authority of his\/her country. (For Israelis Tamzit Rishum)\n<ul class=\"wp-block-list\">\n<li>The above certificate is valid for 6 months from the date of issue.<\/li>\n\n\n\n<li>It is also necessary to legalize the certificate of marital status. The best form of legalization is an apostille stamp if their country has signed the \u201cHague Convention Abolishing Requirements for the Legalization of Foreign Public Documents of October 5, 1961.\u201d Otherwise, he\/she will need to contact the official authority of his\/her country for the necessary legalization.<\/li>\n<\/ul>\n<\/li>\n\n\n\n<li>The original divorce document, in the case of a divorced person, which states that the divorce is final and not subject to appeal, duly signed, stamped and legalized.<\/li>\n\n\n\n<li>Death certificate of the spouse, in case he\/she was married, but his\/her spouse died. The certificate must be legalized.<\/li>\n\n\n\n<li>Certificate of change of name\/surname.<\/li>\n\n\n\n<li>Notarised power of attorney.<\/li>\n<\/ol>\n\n\n\n<hr class=\"wp-block-separator has-text-color has-neve-link-color-color has-alpha-channel-opacity has-neve-link-color-background-color has-background is-style-wide\"\/>\n\n\n\n<figure class=\"wp-block-gallery has-nested-images columns-default is-cropped wp-block-gallery-1 is-layout-flex wp-block-gallery-is-layout-flex\">\n<figure class=\"wp-block-image size-large\"><img loading=\"lazy\" decoding=\"async\" width=\"1024\" height=\"1024\" data-id=\"3018\" src=\"https:\/\/artwedding.co.il\/eng\/wp-content\/uploads\/sites\/9\/2024\/12\/1-1024x1024.jpeg\" alt=\"\" class=\"wp-image-3018\"\/><\/figure>\n\n\n\n<figure class=\"wp-block-image size-large\"><img loading=\"lazy\" decoding=\"async\" width=\"1024\" height=\"1024\" data-id=\"3017\" src=\"https:\/\/artwedding.co.il\/eng\/wp-content\/uploads\/sites\/9\/2024\/12\/3-1024x1024.jpeg\" alt=\"\" class=\"wp-image-3017\"\/><\/figure>\n\n\n\n<figure class=\"wp-block-image size-large\"><img loading=\"lazy\" decoding=\"async\" width=\"1024\" height=\"1024\" data-id=\"3015\" src=\"https:\/\/artwedding.co.il\/eng\/wp-content\/uploads\/sites\/9\/2024\/12\/2-1024x1024.jpeg\" alt=\"\" class=\"wp-image-3015\"\/><\/figure>\n\n\n\n<figure class=\"wp-block-image size-large\"><img loading=\"lazy\" decoding=\"async\" width=\"1024\" height=\"1024\" data-id=\"3016\" src=\"https:\/\/artwedding.co.il\/eng\/wp-content\/uploads\/sites\/9\/2024\/12\/5-1024x1024.jpeg\" alt=\"\" class=\"wp-image-3016\"\/><\/figure>\n\n\n\n<figure class=\"wp-block-image size-large\"><img loading=\"lazy\" decoding=\"async\" width=\"1040\" height=\"1040\" data-id=\"3013\" src=\"https:\/\/artwedding.co.il\/eng\/wp-content\/uploads\/sites\/9\/2024\/12\/4-1024x1024.jpeg\" alt=\"\" class=\"wp-image-3013\"\/><\/figure>\n\n\n\n<figure class=\"wp-block-image size-large\"><img loading=\"lazy\" decoding=\"async\" width=\"1024\" height=\"1024\" data-id=\"3014\" src=\"https:\/\/artwedding.co.il\/eng\/wp-content\/uploads\/sites\/9\/2024\/12\/6-1024x1024.jpeg\" alt=\"\" class=\"wp-image-3014\"\/><\/figure>\n\n\n\n<figure class=\"wp-block-image size-large\"><img loading=\"lazy\" decoding=\"async\" width=\"1024\" height=\"1024\" data-id=\"3020\" src=\"https:\/\/artwedding.co.il\/eng\/wp-content\/uploads\/sites\/9\/2024\/12\/7-1-1024x1024.jpeg\" alt=\"\" class=\"wp-image-3020\"\/><\/figure>\n\n\n\n<figure class=\"wp-block-image size-large\"><img loading=\"lazy\" decoding=\"async\" width=\"1024\" height=\"1024\" data-id=\"3021\" src=\"https:\/\/artwedding.co.il\/eng\/wp-content\/uploads\/sites\/9\/2024\/12\/8-1024x1024.jpeg\" alt=\"\" class=\"wp-image-3021\"\/><\/figure>\n\n\n\n<figure class=\"wp-block-image size-large\"><img loading=\"lazy\" decoding=\"async\" width=\"1024\" height=\"1024\" data-id=\"3019\" src=\"https:\/\/artwedding.co.il\/eng\/wp-content\/uploads\/sites\/9\/2024\/12\/9-1024x1024.jpeg\" alt=\"\" class=\"wp-image-3019\"\/><\/figure>\n\n\n\n<figure class=\"wp-block-image size-large\"><img loading=\"lazy\" decoding=\"async\" width=\"1024\" height=\"1024\" data-id=\"3022\" src=\"https:\/\/artwedding.co.il\/eng\/wp-content\/uploads\/sites\/9\/2024\/12\/10-1024x1024.jpeg\" alt=\"\" class=\"wp-image-3022\"\/><\/figure>\n\n\n\n<figure class=\"wp-block-image size-large\"><img loading=\"lazy\" decoding=\"async\" width=\"1024\" height=\"1024\" data-id=\"3023\" src=\"https:\/\/artwedding.co.il\/eng\/wp-content\/uploads\/sites\/9\/2024\/12\/11-1024x1024.jpeg\" alt=\"\" class=\"wp-image-3023\"\/><\/figure>\n<\/figure>\n","protected":false},"excerpt":{"rendered":"<p>\u2665&nbsp;A FREE BRIDE DRESS (from those in stock) is provided when ordering a wedding ceremony (In accordance with the terms of the Promotion)\u2665&nbsp;1 hour of PHOTO SHOOTING is provided FREE of charge \u2013 when ordering a wedding from November 2024 to February 2025 (In accordance with the terms of the Promotion) One of the oldest&hellip;&nbsp;<a href=\"https:\/\/artwedding.co.il\/eng\/zbiroh\/\" class=\"\" rel=\"bookmark\">Read More &raquo;<span class=\"screen-reader-text\">Zbiroh<\/span><\/a><\/p>\n","protected":false},"author":1,"featured_media":3057,"parent":0,"menu_order":0,"comment_status":"closed","ping_status":"closed","template":"","meta":{"neve_meta_sidebar":"","neve_meta_container":"","neve_meta_enable_content_width":"","neve_meta_content_width":0,"neve_meta_title_alignment":"","neve_meta_author_avatar":"","neve_post_elements_order":"","neve_meta_disable_header":"","neve_meta_disable_footer":"","neve_meta_disable_title":"","_themeisle_gutenberg_block_has_review":false,"_ti_tpc_template_sync":false,"_ti_tpc_template_id":"","footnotes":""},"categories":[20],"tags":[],"class_list":["post-3011","page","type-page","status-publish","has-post-thumbnail","hentry","category-wedding-in-czech-castles"],"aioseo_notices":[],"rttpg_featured_image_url":{"full":["https:\/\/artwedding.co.il\/eng\/wp-content\/uploads\/sites\/9\/2024\/12\/7-3.jpeg",1040,1040,false],"landscape":["https:\/\/artwedding.co.il\/eng\/wp-content\/uploads\/sites\/9\/2024\/12\/7-3.jpeg",1040,1040,false],"portraits":["https:\/\/artwedding.co.il\/eng\/wp-content\/uploads\/sites\/9\/2024\/12\/7-3.jpeg",1040,1040,false],"thumbnail":["https:\/\/artwedding.co.il\/eng\/wp-content\/uploads\/sites\/9\/2024\/12\/7-3-150x150.jpeg",150,150,true],"medium":["https:\/\/artwedding.co.il\/eng\/wp-content\/uploads\/sites\/9\/2024\/12\/7-3-300x300.jpeg",300,300,true],"large":["https:\/\/artwedding.co.il\/eng\/wp-content\/uploads\/sites\/9\/2024\/12\/7-3-1024x1024.jpeg",1024,1024,true],"1536x1536":["https:\/\/artwedding.co.il\/eng\/wp-content\/uploads\/sites\/9\/2024\/12\/7-3.jpeg",1040,1040,false],"2048x2048":["https:\/\/artwedding.co.il\/eng\/wp-content\/uploads\/sites\/9\/2024\/12\/7-3.jpeg",1040,1040,false],"neve-blog":["https:\/\/artwedding.co.il\/eng\/wp-content\/uploads\/sites\/9\/2024\/12\/7-3-930x620.jpeg",930,620,true]},"rttpg_author":{"display_name":"andrey","author_link":"https:\/\/artwedding.co.il\/eng\/author\/andrey\/"},"rttpg_comment":0,"rttpg_category":" <a href=\"https:\/\/artwedding.co.il\/eng\/category\/wedding-in-czech-castles\/\" rel=\"tag\">Wedding in Czech Castles<\/a>","rttpg_excerpt":"\u2665&nbsp;A FREE BRIDE DRESS (from those in stock) is provided when ordering a wedding ceremony (In accordance with the terms of the Promotion)\u2665&nbsp;1 hour of PHOTO SHOOTING is provided FREE of charge \u2013 when ordering a wedding from November 2024 to February 2025 (In accordance with the terms of the Promotion) One of the oldest&hellip;&nbsp;Read&hellip;","_links":{"self":[{"href":"https:\/\/artwedding.co.il\/eng\/wp-json\/wp\/v2\/pages\/3011","targetHints":{"allow":["GET"]}}],"collection":[{"href":"https:\/\/artwedding.co.il\/eng\/wp-json\/wp\/v2\/pages"}],"about":[{"href":"https:\/\/artwedding.co.il\/eng\/wp-json\/wp\/v2\/types\/page"}],"author":[{"embeddable":true,"href":"https:\/\/artwedding.co.il\/eng\/wp-json\/wp\/v2\/users\/1"}],"replies":[{"embeddable":true,"href":"https:\/\/artwedding.co.il\/eng\/wp-json\/wp\/v2\/comments?post=3011"}],"version-history":[{"count":2,"href":"https:\/\/artwedding.co.il\/eng\/wp-json\/wp\/v2\/pages\/3011\/revisions"}],"predecessor-version":[{"id":3262,"href":"https:\/\/artwedding.co.il\/eng\/wp-json\/wp\/v2\/pages\/3011\/revisions\/3262"}],"wp:featuredmedia":[{"embeddable":true,"href":"https:\/\/artwedding.co.il\/eng\/wp-json\/wp\/v2\/media\/3057"}],"wp:attachment":[{"href":"https:\/\/artwedding.co.il\/eng\/wp-json\/wp\/v2\/media?parent=3011"}],"wp:term":[{"taxonomy":"category","embeddable":true,"href":"https:\/\/artwedding.co.il\/eng\/wp-json\/wp\/v2\/categories?post=3011"},{"taxonomy":"post_tag","embeddable":true,"href":"https:\/\/artwedding.co.il\/eng\/wp-json\/wp\/v2\/tags?post=3011"}],"curies":[{"name":"wp","href":"https:\/\/api.w.org\/{rel}","templated":true}]}}